{"id":707,"date":"2025-09-08T15:19:58","date_gmt":"2025-09-08T18:19:58","guid":{"rendered":"https:\/\/sementesvitaliza.com.br\/oficial\/?page_id=707"},"modified":"2025-09-08T15:47:10","modified_gmt":"2025-09-08T18:47:10","slug":"ilp","status":"publish","type":"page","link":"https:\/\/sementesvitaliza.com.br\/oficial\/ilp\/","title":{"rendered":"ILP"},"content":{"rendered":"\t\t<div data-elementor-type=\"wp-page\" data-elementor-id=\"707\" class=\"elementor elementor-707\">\n\t\t\t\t\t\t<section class=\"elementor-section elementor-top-section elementor-element elementor-element-6742590 elementor-section-boxed elementor-section-height-default elementor-section-height-default wpr-particle-no wpr-jarallax-no wpr-parallax-no wpr-sticky-section-no\" data-id=\"6742590\" data-element_type=\"section\" data-settings=\"{&quot;background_background&quot;:&quot;classic&quot;}\">\n\t\t\t\t\t\t\t<div class=\"elementor-background-overlay\"><\/div>\n\t\t\t\t\t\t\t<div class=\"elementor-container elementor-column-gap-default\">\n\t\t\t\t\t<div class=\"elementor-column elementor-col-100 elementor-top-column elementor-element elementor-element-649e477b\" data-id=\"649e477b\" data-element_type=\"column\">\n\t\t\t<div class=\"elementor-widget-wrap elementor-element-populated\">\n\t\t\t\t\t\t<div class=\"elementor-element elementor-element-2c425717 elementor-invisible elementor-widget elementor-widget-heading\" data-id=\"2c425717\" data-element_type=\"widget\" data-settings=\"{&quot;_animation&quot;:&quot;fadeInUp&quot;}\" data-widget_type=\"heading.default\">\n\t\t\t\t<div class=\"elementor-widget-container\">\n\t\t\t\t\t<h1 class=\"elementor-heading-title elementor-size-default\">Benef\u00edcios da braqui\u00e1ria no perfil do solo<\/h1>\t\t\t\t<\/div>\n\t\t\t\t<\/div>\n\t\t\t\t<div class=\"elementor-element elementor-element-ccec7fb elementor-widget elementor-widget-video\" data-id=\"ccec7fb\" data-element_type=\"widget\" data-settings=\"{&quot;youtube_url&quot;:&quot;https:\\\/\\\/www.youtube.com\\\/watch?v=UcvRAip18Zg&quot;,&quot;video_type&quot;:&quot;youtube&quot;,&quot;controls&quot;:&quot;yes&quot;}\" data-widget_type=\"video.default\">\n\t\t\t\t<div class=\"elementor-widget-container\">\n\t\t\t\t\t\t\t<div class=\"elementor-wrapper elementor-open-inline\">\n\t\t\t<div class=\"elementor-video\"><\/div>\t\t<\/div>\n\t\t\t\t\t\t<\/div>\n\t\t\t\t<\/div>\n\t\t\t\t\t<\/div>\n\t\t<\/div>\n\t\t\t\t\t<\/div>\n\t\t<\/section>\n\t\t\t\t<section class=\"elementor-section elementor-top-section elementor-element elementor-element-63fd3d2 elementor-section-boxed elementor-section-height-default elementor-section-height-default wpr-particle-no wpr-jarallax-no wpr-parallax-no wpr-sticky-section-no\" data-id=\"63fd3d2\" data-element_type=\"section\" data-settings=\"{&quot;background_background&quot;:&quot;classic&quot;}\">\n\t\t\t\t\t\t\t<div class=\"elementor-background-overlay\"><\/div>\n\t\t\t\t\t\t\t<div class=\"elementor-container elementor-column-gap-default\">\n\t\t\t\t\t<div class=\"elementor-column elementor-col-100 elementor-top-column elementor-element elementor-element-27f087ab elementor-invisible\" data-id=\"27f087ab\" data-element_type=\"column\" data-settings=\"{&quot;animation&quot;:&quot;fadeIn&quot;,&quot;animation_delay&quot;:200}\">\n\t\t\t<div class=\"elementor-widget-wrap elementor-element-populated\">\n\t\t\t\t\t\t<div class=\"elementor-element elementor-element-6a74be3e elementor-widget elementor-widget-text-editor\" data-id=\"6a74be3e\" data-element_type=\"widget\" data-widget_type=\"text-editor.default\">\n\t\t\t\t<div class=\"elementor-widget-container\">\n\t\t\t\t\t\t\t\t\t<p>Descubra os profundos benef\u00edcios da braqui\u00e1ria para a sa\u00fade e produtividade do solo no nosso v\u00eddeo! Atrav\u00e9s da Integra\u00e7\u00e3o Lavoura-Pecu\u00e1ria (ILP), o cons\u00f3rcio de milho com esp\u00e9cies forrageiras como a braqui\u00e1ria otimiza o uso da \u00e1rea agr\u00edcola em at\u00e9 90% do ano, assegurando forragem de qualidade para o gado mesmo em per\u00edodos secos.<\/p><p>Este v\u00eddeo da Embrapa destaca como a braqui\u00e1ria proporciona um ambiente de produ\u00e7\u00e3o extremamente favor\u00e1vel, uma vez que a fertilidade do solo \u00e9 constru\u00edda e estabelecida em profundidade.<\/p><p><strong>A braqui\u00e1ria:<\/strong><\/p><ul><li>Melhora a estrutura do solo: Suas ra\u00edzes finas e profundas, que podem chegar a mais de 1 metro e meio, rompem camadas compactadas, realizando uma escarifica\u00e7\u00e3o biol\u00f3gica e aumentando significativamente a infiltra\u00e7\u00e3o de \u00e1gua.<\/li><li>Aumenta a fertilidade e a mat\u00e9ria org\u00e2nica: Recicla grande parte de nutrientes (em especial o pot\u00e1ssio), acumula carbono no solo (tanto em camadas superficiais quanto profundas) e estimula a diversidade e atividade microbiana, que s\u00e3o respons\u00e1veis pelo aumento da produtividade das culturas ao longo do tempo.<\/li><li>Viabiliza o sistema de plantio direto: O res\u00edduo da palhada p\u00f3s-pastejo forma uma cobertura vegetal de alta rela\u00e7\u00e3o carbono-nitrog\u00eanio, que diminui a presen\u00e7a de plantas daninhas, a oscila\u00e7\u00e3o da temperatura do solo e a evapora\u00e7\u00e3o de \u00e1gua, resultando na redu\u00e7\u00e3o dos custos de produ\u00e7\u00e3o.<\/li><\/ul>\t\t\t\t\t\t\t\t<\/div>\n\t\t\t\t<\/div>\n\t\t\t\t\t<\/div>\n\t\t<\/div>\n\t\t\t\t\t<\/div>\n\t\t<\/section>\n\t\t\t\t<\/div>\n\t\t","protected":false},"excerpt":{"rendered":"<p>Benef\u00edcios da braqui\u00e1ria no perfil do solo https:\/\/www.youtube.com\/watch?v=UcvRAip18Zg Descubra os profundos benef\u00edcios da braqui\u00e1ria para a sa\u00fade e produtividade do solo no nosso v\u00eddeo! Atrav\u00e9s da Integra\u00e7\u00e3o Lavoura-Pecu\u00e1ria (ILP), o cons\u00f3rcio de milho com esp\u00e9cies forrageiras como a braqui\u00e1ria otimiza o uso da \u00e1rea agr\u00edcola em at\u00e9 90% do ano, assegurando forragem de qualidade para o gado mesmo em per\u00edodos secos. Este v\u00eddeo da Embrapa destaca como a braqui\u00e1ria proporciona um ambiente de produ\u00e7\u00e3o extremamente favor\u00e1vel, uma vez que a fertilidade do solo \u00e9 constru\u00edda e estabelecida em profundidade. A braqui\u00e1ria: Melhora a estrutura do solo: Suas ra\u00edzes finas e profundas, que podem chegar a mais de 1 metro e meio, rompem camadas compactadas, realizando uma escarifica\u00e7\u00e3o biol\u00f3gica e aumentando significativamente a infiltra\u00e7\u00e3o de \u00e1gua. Aumenta a fertilidade e a mat\u00e9ria org\u00e2nica: Recicla grande parte de nutrientes (em especial o pot\u00e1ssio), acumula carbono no solo (tanto em camadas superficiais quanto profundas) e estimula a diversidade e atividade microbiana, que s\u00e3o respons\u00e1veis pelo aumento da produtividade das culturas ao longo do tempo. Viabiliza o sistema de plantio direto: O res\u00edduo da palhada p\u00f3s-pastejo forma uma cobertura vegetal de alta rela\u00e7\u00e3o carbono-nitrog\u00eanio, que diminui a presen\u00e7a de plantas daninhas, a oscila\u00e7\u00e3o da temperatura do solo e a evapora\u00e7\u00e3o de \u00e1gua, resultando na redu\u00e7\u00e3o dos custos de produ\u00e7\u00e3o.<\/p>\n","protected":false},"author":1,"featured_media":0,"parent":0,"menu_order":0,"comment_status":"closed","ping_status":"closed","template":"elementor_canvas","meta":{"site-sidebar-layout":"no-sidebar","site-content-layout":"","ast-site-content-layout":"full-width-container","site-content-style":"default","site-sidebar-style":"default","ast-global-header-display":"","ast-banner-title-visibility":"","ast-main-header-display":"","ast-hfb-above-header-display":"","ast-hfb-below-header-display":"","ast-hfb-mobile-header-display":"","site-post-title":"disabled","ast-breadcrumbs-content":"","ast-featured-img":"disabled","footer-sml-layout":"","theme-transparent-header-meta":"","adv-header-id-meta":"","stick-header-meta":"","header-above-stick-meta":"","header-main-stick-meta":"","header-below-stick-meta":"","astra-migrate-meta-layouts":"default","ast-page-background-enabled":"default","ast-page-background-meta":{"desktop":{"background-color":"var(--ast-global-color-4)","background-image":"","background-repeat":"repeat","background-position":"center center","background-size":"auto","background-attachment":"scroll","background-type":"","background-media":"","overlay-type":"","overlay-color":"","overlay-opacity":"","overlay-gradient":""},"tablet":{"background-color":"","background-image":"","background-repeat":"repeat","background-position":"center center","background-size":"auto","background-attachment":"scroll","background-type":"","background-media":"","overlay-type":"","overlay-color":"","overlay-opacity":"","overlay-gradient":""},"mobile":{"background-color":"","background-image":"","background-repeat":"repeat","background-position":"center center","background-size":"auto","background-attachment":"scroll","background-type":"","background-media":"","overlay-type":"","overlay-color":"","overlay-opacity":"","overlay-gradient":""}},"ast-content-background-meta":{"desktop":{"background-color":"var(--ast-global-color-5)","background-image":"","background-repeat":"repeat","background-position":"center center","background-size":"auto","background-attachment":"scroll","background-type":"","background-media":"","overlay-type":"","overlay-color":"","overlay-opacity":"","overlay-gradient":""},"tablet":{"background-color":"var(--ast-global-color-5)","background-image":"","background-repeat":"repeat","background-position":"center center","background-size":"auto","background-attachment":"scroll","background-type":"","background-media":"","overlay-type":"","overlay-color":"","overlay-opacity":"","overlay-gradient":""},"mobile":{"background-color":"var(--ast-global-color-5)","background-image":"","background-repeat":"repeat","background-position":"center center","background-size":"auto","background-attachment":"scroll","background-type":"","background-media":"","overlay-type":"","overlay-color":"","overlay-opacity":"","overlay-gradient":""}},"footnotes":""},"class_list":["post-707","page","type-page","status-publish","hentry"],"_links":{"self":[{"href":"https:\/\/sementesvitaliza.com.br\/oficial\/wp-json\/wp\/v2\/pages\/707","targetHints":{"allow":["GET"]}}],"collection":[{"href":"https:\/\/sementesvitaliza.com.br\/oficial\/wp-json\/wp\/v2\/pages"}],"about":[{"href":"https:\/\/sementesvitaliza.com.br\/oficial\/wp-json\/wp\/v2\/types\/page"}],"author":[{"embeddable":true,"href":"https:\/\/sementesvitaliza.com.br\/oficial\/wp-json\/wp\/v2\/users\/1"}],"replies":[{"embeddable":true,"href":"https:\/\/sementesvitaliza.com.br\/oficial\/wp-json\/wp\/v2\/comments?post=707"}],"version-history":[{"count":11,"href":"https:\/\/sementesvitaliza.com.br\/oficial\/wp-json\/wp\/v2\/pages\/707\/revisions"}],"predecessor-version":[{"id":718,"href":"https:\/\/sementesvitaliza.com.br\/oficial\/wp-json\/wp\/v2\/pages\/707\/revisions\/718"}],"wp:attachment":[{"href":"https:\/\/sementesvitaliza.com.br\/oficial\/wp-json\/wp\/v2\/media?parent=707"}],"curies":[{"name":"wp","href":"https:\/\/api.w.org\/{rel}","templated":true}]}}